{"id":89,"date":"2018-09-17T00:34:28","date_gmt":"2018-09-17T04:34:28","guid":{"rendered":"https:\/\/corpoeducjeunesse.wordpress.com\/?page_id=89"},"modified":"2023-09-29T12:52:23","modified_gmt":"2023-09-29T12:52:23","slug":"cocktail-dinatoire","status":"publish","type":"page","link":"https:\/\/corpoeducjeunesse.org\/?page_id=89","title":{"rendered":"Cocktail d\u00eenatoire"},"content":{"rendered":"\n<p><\/p>\n\n\n\n<figure class=\"wp-block-image is-resized\"><a href=\"https:\/\/cocktaildinatoirecej.org\/\" target=\"_blank\" rel=\"noopener\"><img loading=\"lazy\" decoding=\"async\" src=\"https:\/\/corpoeducjeunesse.files.wordpress.com\/2020\/02\/84694605_2670803946480853_7206236432925458432_n-1.jpg\" alt=\"\" class=\"wp-image-713\" style=\"width:755px;height:393px\" width=\"755\" height=\"393\" srcset=\"https:\/\/corpoeducjeunesse.org\/wp-content\/uploads\/2020\/02\/84694605_2670803946480853_7206236432925458432_n-1.jpg 1004w, https:\/\/corpoeducjeunesse.org\/wp-content\/uploads\/2020\/02\/84694605_2670803946480853_7206236432925458432_n-1-300x157.jpg 300w, https:\/\/corpoeducjeunesse.org\/wp-content\/uploads\/2020\/02\/84694605_2670803946480853_7206236432925458432_n-1-768x401.jpg 768w\" sizes=\"auto, (max-width: 755px) 100vw, 755px\" \/><\/a><\/figure>\n\n\n\n<p>Le cocktail d\u00eenatoire est une activit\u00e9 de financement qui consiste en une soir\u00e9e de type <em>Lounge&nbsp;<\/em>durant laquelle des bouch\u00e9es pr\u00e9par\u00e9es par un chef r\u00e9put\u00e9 sont servies aux participants. Plusieurs boissons sont \u00e9galement servies, un encan silencieux est propos\u00e9 et l&rsquo;espace est am\u00e9nag\u00e9 de fa\u00e7on \u00e0 favoriser les conversations, tout cela dans une ambiance chaleureuse et raffin\u00e9e.<\/p>\n\n\n\n<p>Toutes les informations concernant le prochain \u00e9v\u00e9nement, les tarifs, le menu, les billets et les commanditaires vous seront r\u00e9v\u00e9l\u00e9es sous peu !<\/p>\n\n\n\n<p>Voici quelques photos des \u00e9ditions pr\u00e9c\u00e9dentes  !<\/p>\n\n\n\n<figure class=\"wp-block-gallery has-nested-images columns-3 is-cropped wp-block-gallery-1 is-layout-flex wp-block-gallery-is-layout-flex\">\n<figure class=\"wp-block-image\"><a href=\"https:\/\/corpoeducjeunesse.org\/?attachment_id=130\"><img loading=\"lazy\" decoding=\"async\" width=\"1024\" height=\"523\" data-id=\"130\" src=\"https:\/\/corpoeducjeunesse.org\/wp-content\/uploads\/2018\/09\/animation1-e1546046117386-1024x523.jpg\" alt=\"\" class=\"wp-image-130\" srcset=\"https:\/\/corpoeducjeunesse.org\/wp-content\/uploads\/2018\/09\/animation1-e1546046117386-1024x523.jpg 1024w, https:\/\/corpoeducjeunesse.org\/wp-content\/uploads\/2018\/09\/animation1-e1546046117386-300x153.jpg 300w, https:\/\/corpoeducjeunesse.org\/wp-content\/uploads\/2018\/09\/animation1-e1546046117386-768x392.jpg 768w, https:\/\/corpoeducjeunesse.org\/wp-content\/uploads\/2018\/09\/animation1-e1546046117386.jpg 1050w\" sizes=\"auto, (max-width: 1024px) 100vw, 1024px\" \/><\/a><figcaption class=\"wp-element-caption\">Marc H\u00e9bert, directeur de la C\u00c9J<\/figcaption><\/figure>\n\n\n\n<figure class=\"wp-block-image\"><a href=\"https:\/\/corpoeducjeunesse.org\/?attachment_id=131\"><img loading=\"lazy\" decoding=\"async\" width=\"1024\" height=\"764\" data-id=\"131\" src=\"https:\/\/corpoeducjeunesse.org\/wp-content\/uploads\/2018\/09\/barmen-1024x764.jpg\" alt=\"\" class=\"wp-image-131\" srcset=\"https:\/\/corpoeducjeunesse.org\/wp-content\/uploads\/2018\/09\/barmen-1024x764.jpg 1024w, https:\/\/corpoeducjeunesse.org\/wp-content\/uploads\/2018\/09\/barmen-300x224.jpg 300w, https:\/\/corpoeducjeunesse.org\/wp-content\/uploads\/2018\/09\/barmen-768x573.jpg 768w, https:\/\/corpoeducjeunesse.org\/wp-content\/uploads\/2018\/09\/barmen.jpg 1050w\" sizes=\"auto, (max-width: 1024px) 100vw, 1024px\" \/><\/a><figcaption class=\"wp-element-caption\">Gabrielle, Keven et Myron au bar pour la soir\u00e9e <\/figcaption><\/figure>\n\n\n\n<figure class=\"wp-block-image\"><a href=\"https:\/\/corpoeducjeunesse.org\/?attachment_id=133\"><img loading=\"lazy\" decoding=\"async\" width=\"1024\" height=\"680\" data-id=\"133\" src=\"https:\/\/corpoeducjeunesse.org\/wp-content\/uploads\/2018\/09\/bouchee1-1024x680.jpg\" alt=\"\" class=\"wp-image-133\" srcset=\"https:\/\/corpoeducjeunesse.org\/wp-content\/uploads\/2018\/09\/bouchee1-1024x680.jpg 1024w, https:\/\/corpoeducjeunesse.org\/wp-content\/uploads\/2018\/09\/bouchee1-300x199.jpg 300w, https:\/\/corpoeducjeunesse.org\/wp-content\/uploads\/2018\/09\/bouchee1-768x510.jpg 768w, https:\/\/corpoeducjeunesse.org\/wp-content\/uploads\/2018\/09\/bouchee1.jpg 1050w\" sizes=\"auto, (max-width: 1024px) 100vw, 1024px\" \/><\/a><figcaption class=\"wp-element-caption\">Mousseline d&rsquo;Avocats sur cro\u00fbtons de pain<\/figcaption><\/figure>\n\n\n\n<figure class=\"wp-block-image\"><a href=\"https:\/\/corpoeducjeunesse.org\/?attachment_id=135\"><img loading=\"lazy\" decoding=\"async\" width=\"555\" height=\"870\" data-id=\"135\" src=\"https:\/\/corpoeducjeunesse.org\/wp-content\/uploads\/2018\/09\/champagne.jpg\" alt=\"\" class=\"wp-image-135\" srcset=\"https:\/\/corpoeducjeunesse.org\/wp-content\/uploads\/2018\/09\/champagne.jpg 555w, https:\/\/corpoeducjeunesse.org\/wp-content\/uploads\/2018\/09\/champagne-191x300.jpg 191w\" sizes=\"auto, (max-width: 555px) 100vw, 555px\" \/><\/a><figcaption class=\"wp-element-caption\">Champagne servi au d\u00e9but de la soir\u00e9e<\/figcaption><\/figure>\n\n\n\n<figure class=\"wp-block-image\"><a href=\"https:\/\/corpoeducjeunesse.org\/?attachment_id=136\"><img loading=\"lazy\" decoding=\"async\" width=\"1024\" height=\"629\" data-id=\"136\" src=\"https:\/\/corpoeducjeunesse.org\/wp-content\/uploads\/2018\/09\/participant14-1024x629.jpg\" alt=\"\" class=\"wp-image-136\" srcset=\"https:\/\/corpoeducjeunesse.org\/wp-content\/uploads\/2018\/09\/participant14-1024x629.jpg 1024w, https:\/\/corpoeducjeunesse.org\/wp-content\/uploads\/2018\/09\/participant14-300x184.jpg 300w, https:\/\/corpoeducjeunesse.org\/wp-content\/uploads\/2018\/09\/participant14-768x472.jpg 768w, https:\/\/corpoeducjeunesse.org\/wp-content\/uploads\/2018\/09\/participant14.jpg 1050w\" sizes=\"auto, (max-width: 1024px) 100vw, 1024px\" \/><\/a><figcaption class=\"wp-element-caption\">Les bouch\u00e9es se font servir<\/figcaption><\/figure>\n\n\n\n<figure class=\"wp-block-image\"><a href=\"https:\/\/corpoeducjeunesse.org\/?attachment_id=134\"><img loading=\"lazy\" decoding=\"async\" width=\"1024\" height=\"689\" data-id=\"134\" src=\"https:\/\/corpoeducjeunesse.org\/wp-content\/uploads\/2018\/09\/bouchee3-1024x689.jpg\" alt=\"\" class=\"wp-image-134\" srcset=\"https:\/\/corpoeducjeunesse.org\/wp-content\/uploads\/2018\/09\/bouchee3-1024x689.jpg 1024w, https:\/\/corpoeducjeunesse.org\/wp-content\/uploads\/2018\/09\/bouchee3-300x202.jpg 300w, https:\/\/corpoeducjeunesse.org\/wp-content\/uploads\/2018\/09\/bouchee3-768x517.jpg 768w, https:\/\/corpoeducjeunesse.org\/wp-content\/uploads\/2018\/09\/bouchee3.jpg 1170w\" sizes=\"auto, (max-width: 1024px) 100vw, 1024px\" \/><\/a><figcaption class=\"wp-element-caption\">Bruschettas de courgettes sur pain pita<\/figcaption><\/figure>\n\n\n\n<figure class=\"wp-block-image\"><a href=\"https:\/\/corpoeducjeunesse.org\/?attachment_id=720\"><img loading=\"lazy\" decoding=\"async\" width=\"1024\" height=\"717\" data-id=\"720\" src=\"https:\/\/corpoeducjeunesse.org\/wp-content\/uploads\/2020\/02\/zzencan-1024x717.jpg\" alt=\"\" class=\"wp-image-720\" srcset=\"https:\/\/corpoeducjeunesse.org\/wp-content\/uploads\/2020\/02\/zzencan-1024x717.jpg 1024w, https:\/\/corpoeducjeunesse.org\/wp-content\/uploads\/2020\/02\/zzencan-300x210.jpg 300w, https:\/\/corpoeducjeunesse.org\/wp-content\/uploads\/2020\/02\/zzencan-768x538.jpg 768w, https:\/\/corpoeducjeunesse.org\/wp-content\/uploads\/2020\/02\/zzencan.jpg 1110w\" sizes=\"auto, (max-width: 1024px) 100vw, 1024px\" \/><\/a><\/figure>\n\n\n\n<figure class=\"wp-block-image\"><a href=\"https:\/\/corpoeducjeunesse.org\/?attachment_id=138\"><img loading=\"lazy\" decoding=\"async\" width=\"1024\" height=\"678\" data-id=\"138\" src=\"https:\/\/corpoeducjeunesse.org\/wp-content\/uploads\/2018\/09\/participant23-1024x678.jpg\" alt=\"\" class=\"wp-image-138\" srcset=\"https:\/\/corpoeducjeunesse.org\/wp-content\/uploads\/2018\/09\/participant23-1024x678.jpg 1024w, https:\/\/corpoeducjeunesse.org\/wp-content\/uploads\/2018\/09\/participant23-300x199.jpg 300w, https:\/\/corpoeducjeunesse.org\/wp-content\/uploads\/2018\/09\/participant23-768x508.jpg 768w, https:\/\/corpoeducjeunesse.org\/wp-content\/uploads\/2018\/09\/participant23.jpg 1050w\" sizes=\"auto, (max-width: 1024px) 100vw, 1024px\" \/><\/a><figcaption class=\"wp-element-caption\">L&rsquo;encan silencieux <\/figcaption><\/figure>\n\n\n\n<figure class=\"wp-block-image\"><a href=\"https:\/\/corpoeducjeunesse.org\/?attachment_id=719\"><img loading=\"lazy\" decoding=\"async\" width=\"1024\" height=\"671\" data-id=\"719\" src=\"https:\/\/corpoeducjeunesse.org\/wp-content\/uploads\/2020\/02\/zzbellesoirc3a9e-1024x671.jpg\" alt=\"\" class=\"wp-image-719\" srcset=\"https:\/\/corpoeducjeunesse.org\/wp-content\/uploads\/2020\/02\/zzbellesoirc3a9e-1024x671.jpg 1024w, https:\/\/corpoeducjeunesse.org\/wp-content\/uploads\/2020\/02\/zzbellesoirc3a9e-300x197.jpg 300w, https:\/\/corpoeducjeunesse.org\/wp-content\/uploads\/2020\/02\/zzbellesoirc3a9e-768x503.jpg 768w, https:\/\/corpoeducjeunesse.org\/wp-content\/uploads\/2020\/02\/zzbellesoirc3a9e.jpg 1050w\" sizes=\"auto, (max-width: 1024px) 100vw, 1024px\" \/><\/a><\/figure>\n\n\n\n<figure class=\"wp-block-image\"><a href=\"https:\/\/corpoeducjeunesse.org\/?attachment_id=721\"><img loading=\"lazy\" decoding=\"async\" width=\"1024\" height=\"689\" data-id=\"721\" src=\"https:\/\/corpoeducjeunesse.org\/wp-content\/uploads\/2020\/02\/zzzcuisine-1024x689.jpg\" alt=\"\" class=\"wp-image-721\" srcset=\"https:\/\/corpoeducjeunesse.org\/wp-content\/uploads\/2020\/02\/zzzcuisine-1024x689.jpg 1024w, https:\/\/corpoeducjeunesse.org\/wp-content\/uploads\/2020\/02\/zzzcuisine-300x202.jpg 300w, https:\/\/corpoeducjeunesse.org\/wp-content\/uploads\/2020\/02\/zzzcuisine-768x517.jpg 768w, https:\/\/corpoeducjeunesse.org\/wp-content\/uploads\/2020\/02\/zzzcuisine.jpg 1050w\" sizes=\"auto, (max-width: 1024px) 100vw, 1024px\" \/><\/a><\/figure>\n\n\n\n<figure class=\"wp-block-image\"><a href=\"https:\/\/corpoeducjeunesse.org\/?attachment_id=137\"><img loading=\"lazy\" decoding=\"async\" width=\"1024\" height=\"706\" data-id=\"137\" src=\"https:\/\/corpoeducjeunesse.org\/wp-content\/uploads\/2018\/09\/participant19-e1540351773942-1024x706.jpg\" alt=\"\" class=\"wp-image-137\" srcset=\"https:\/\/corpoeducjeunesse.org\/wp-content\/uploads\/2018\/09\/participant19-e1540351773942-1024x706.jpg 1024w, https:\/\/corpoeducjeunesse.org\/wp-content\/uploads\/2018\/09\/participant19-e1540351773942-300x207.jpg 300w, https:\/\/corpoeducjeunesse.org\/wp-content\/uploads\/2018\/09\/participant19-e1540351773942-768x529.jpg 768w, https:\/\/corpoeducjeunesse.org\/wp-content\/uploads\/2018\/09\/participant19-e1540351773942.jpg 1142w\" sizes=\"auto, (max-width: 1024px) 100vw, 1024px\" \/><\/a><figcaption class=\"wp-element-caption\">Charles Manny a remport\u00e9 l&rsquo;encan silencieux pour la brique du forum autographi\u00e9e par Patrick Roy !<\/figcaption><\/figure>\n<\/figure>\n","protected":false},"excerpt":{"rendered":"<p>Le cocktail d\u00eenatoire est une activit\u00e9 de financement qui consiste en une soir\u00e9e de type Lounge&nbsp;durant laquelle des bouch\u00e9es pr\u00e9par\u00e9es par un chef r\u00e9put\u00e9 sont servies aux participants. Plusieurs boissons sont \u00e9galement servies, un encan silencieux est propos\u00e9 et l&rsquo;espace est am\u00e9nag\u00e9 de fa\u00e7on \u00e0 favoriser les conversations, tout cela dans une ambiance chaleureuse et [&hellip;]<\/p>\n","protected":false},"author":2,"featured_media":0,"parent":85,"menu_order":0,"comment_status":"closed","ping_status":"closed","template":"","meta":{"footnotes":""},"class_list":["post-89","page","type-page","status-publish","hentry"],"_links":{"self":[{"href":"https:\/\/corpoeducjeunesse.org\/index.php?rest_route=\/wp\/v2\/pages\/89","targetHints":{"allow":["GET"]}}],"collection":[{"href":"https:\/\/corpoeducjeunesse.org\/index.php?rest_route=\/wp\/v2\/pages"}],"about":[{"href":"https:\/\/corpoeducjeunesse.org\/index.php?rest_route=\/wp\/v2\/types\/page"}],"author":[{"embeddable":true,"href":"https:\/\/corpoeducjeunesse.org\/index.php?rest_route=\/wp\/v2\/users\/2"}],"replies":[{"embeddable":true,"href":"https:\/\/corpoeducjeunesse.org\/index.php?rest_route=%2Fwp%2Fv2%2Fcomments&post=89"}],"version-history":[{"count":2,"href":"https:\/\/corpoeducjeunesse.org\/index.php?rest_route=\/wp\/v2\/pages\/89\/revisions"}],"predecessor-version":[{"id":1892,"href":"https:\/\/corpoeducjeunesse.org\/index.php?rest_route=\/wp\/v2\/pages\/89\/revisions\/1892"}],"up":[{"embeddable":true,"href":"https:\/\/corpoeducjeunesse.org\/index.php?rest_route=\/wp\/v2\/pages\/85"}],"wp:attachment":[{"href":"https:\/\/corpoeducjeunesse.org\/index.php?rest_route=%2Fwp%2Fv2%2Fmedia&parent=89"}],"curies":[{"name":"wp","href":"https:\/\/api.w.org\/{rel}","templated":true}]}}