{"id":213,"date":"2018-10-07T23:58:30","date_gmt":"2018-10-08T03:58:30","guid":{"rendered":"http:\/\/corpoeducjeunesse.org\/?page_id=213"},"modified":"2018-10-07T23:58:30","modified_gmt":"2018-10-08T03:58:30","slug":"citoyen-du-monde","status":"publish","type":"page","link":"https:\/\/corpoeducjeunesse.org\/?page_id=213","title":{"rendered":"Citoyen du monde"},"content":{"rendered":"<p>Le but de cette formation est de former des jeunes \u00e0 l&rsquo;engagement communautaire et \u00e0 la citoyennet\u00e9 responsable. Elle s&rsquo;adresse \u00e0 des jeunes \u00e2g\u00e9s entre 14 et 17 ans et qui sont inscrits au <em>Programme d&rsquo;\u00c9ducation Internationale<\/em> (PEI). Il vise \u00e0 permettre \u00e0 ces jeunes de d\u00e9velopper la passion du service communautaire et le go\u00fbt de continuer de s\u2019engager apr\u00e8s leur secondaire. \u00c0 l\u2019aide de plusieurs activit\u00e9s leur permettant d\u2019exp\u00e9rimenter et de vivre des situations d\u2019injustice ou d\u2019exclusion, les \u00e9l\u00e8ves sont amen\u00e9s \u00e0 mieux comprendre l\u2019importance de l\u2019engagement communautaire. Aussi, il vise \u00e0 les outiller pour la r\u00e9alisation de leur Projet personnel (PP) de 5<sup>i\u00e8me<\/sup> secondaire par des r\u00e9flexions et l\u2019exp\u00e9rimentation de divers outils, notamment une grille de r\u00e9flexion sur leurs forces, d\u00e9fis, valeurs, talents, etc.<\/p>\n<p>Durant cette formation, les jeunes re\u00e7oivent de l&rsquo;information directe et interactive, remplissent un cahier du participant, r\u00e9alisent des ateliers de travaux pratiques, font face \u00e0 des mises en situation et participent \u00e0 des jeux de r\u00f4le. \u00c0 la fin de la formation, les jeunes mettent en oeuvre des activit\u00e9s communautaires.<\/p>\n<p>Pendant cette formation, les jeunes s&rsquo;approprient le sens du service communautaire et l&rsquo;importance de s&rsquo;y engager, cr\u00e9ent un projet qui r\u00e9pond aux besoins de leur communaut\u00e9 et exp\u00e9rimentent le travail d&rsquo;\u00e9quipe.<\/p>\n<p>Souvent, les jeunes ressortent de cette formation en ayant envie de s&rsquo;impliquer davantage et sont tr\u00e8s motiv\u00e9s \u00e0 aider leur communaut\u00e9. Ils sont d&rsquo;ailleurs plus outill\u00e9s \u00e0 le faire et poss\u00e8dent de nouvelles connaissances qui les aideront \u00e0 r\u00e9aliser leurs futurs projets. Ils sont de meilleurs<strong> citoyens du monde !<\/strong><\/p>\n<p>En 2017, trois groupes de l\u2019\u00e9cole secondaire Dorval Jean XXIII ont particip\u00e9 \u00e0 trois sessions offertes en octobre, d\u00e9cembre et f\u00e9vrier. Les trois s\u00e9jours ont rejoint 90 \u00e9l\u00e8ves et 9 \u00e9ducateurs scolaires.<\/p>\n","protected":false},"excerpt":{"rendered":"<p>Le but de cette formation est de former des jeunes \u00e0 l&rsquo;engagement communautaire et \u00e0 la citoyennet\u00e9 responsable. Elle s&rsquo;adresse \u00e0 des jeunes \u00e2g\u00e9s entre 14 et 17 ans et qui sont inscrits au Programme d&rsquo;\u00c9ducation Internationale (PEI). Il vise \u00e0 permettre \u00e0 ces jeunes de d\u00e9velopper la passion du service communautaire et le go\u00fbt [&hellip;]<\/p>\n","protected":false},"author":2,"featured_media":0,"parent":0,"menu_order":0,"comment_status":"closed","ping_status":"closed","template":"","meta":{"footnotes":""},"class_list":["post-213","page","type-page","status-publish","hentry"],"_links":{"self":[{"href":"https:\/\/corpoeducjeunesse.org\/index.php?rest_route=\/wp\/v2\/pages\/213","targetHints":{"allow":["GET"]}}],"collection":[{"href":"https:\/\/corpoeducjeunesse.org\/index.php?rest_route=\/wp\/v2\/pages"}],"about":[{"href":"https:\/\/corpoeducjeunesse.org\/index.php?rest_route=\/wp\/v2\/types\/page"}],"author":[{"embeddable":true,"href":"https:\/\/corpoeducjeunesse.org\/index.php?rest_route=\/wp\/v2\/users\/2"}],"replies":[{"embeddable":true,"href":"https:\/\/corpoeducjeunesse.org\/index.php?rest_route=%2Fwp%2Fv2%2Fcomments&post=213"}],"version-history":[{"count":0,"href":"https:\/\/corpoeducjeunesse.org\/index.php?rest_route=\/wp\/v2\/pages\/213\/revisions"}],"wp:attachment":[{"href":"https:\/\/corpoeducjeunesse.org\/index.php?rest_route=%2Fwp%2Fv2%2Fmedia&parent=213"}],"curies":[{"name":"wp","href":"https:\/\/api.w.org\/{rel}","templated":true}]}}