{"id":1914,"date":"2023-12-07T22:39:40","date_gmt":"2023-12-07T22:39:40","guid":{"rendered":"https:\/\/corpoeducjeunesse.org\/?page_id=1914"},"modified":"2023-12-07T22:39:40","modified_gmt":"2023-12-07T22:39:40","slug":"devenir-membre","status":"publish","type":"page","link":"https:\/\/corpoeducjeunesse.org\/?page_id=1914","title":{"rendered":"Devenir membre"},"content":{"rendered":"\n<p>Si vous le d\u00e9sirez, vous pouvez devenir un membre de la C\u00c9J. Il suffit de remplir le formulaire en cliquant sur le lien suivant : <a href=\"https:\/\/forms.gle\/LK1fKwbP8bYjQAko9\">https:\/\/forms.gle\/LK1fKwbP8bYjQAko9<\/a><\/p>\n\n\n\n<p><strong>Avantages d\u2019\u00eatre membre<\/strong><\/p>\n\n\n\n<p>\u00catre membre de la Corporation d\u2019\u00c9ducation Jeunesse \u2013 C\u00c9J permet :<\/p>\n\n\n\n<p>1. De participer concr\u00e8tement \u00e0 un travail d\u2019\u00e9ducation aupr\u00e8s des jeunes de 0 \u00e0 35 ans ;<\/p>\n\n\n\n<p>2. D\u2019avoir une voix \u00e0 l\u2019Assembl\u00e9e g\u00e9n\u00e9rale de la Corporation ;<\/p>\n\n\n\n<p>3. D\u2019\u00eatre pr\u00e9sent\u00e9(e) comme candidat(e) au Conseil d\u2019administration.<\/p>\n\n\n\n<p><strong>Proc\u00e9dure d\u2019adh\u00e9sion<\/strong><\/p>\n\n\n\n<ol class=\"wp-block-list\">\n<li>La candidature sera \u00e9tudi\u00e9e par le Conseil d\u2019administration.<\/li>\n<\/ol>\n\n\n\n<ul class=\"wp-block-list\">\n<li>Le Conseil d\u2019administration fera parvenir un formulaire d\u2019inscription que le candidat devra remplir et retourner \u00e0 la Corporation avec sa cotisation annuelle de 10$. Tout montant sup\u00e9rieur sera consid\u00e9r\u00e9 comme un don et un re\u00e7u pour fins d\u2019imp\u00f4ts sera \u00e9mis \u00e0 cet effet.<\/li>\n<\/ul>\n\n\n\n<p>3&nbsp;&nbsp; Le candidat recevra une attestation de son adh\u00e9sion comme membre de la Corporation.<\/p>\n","protected":false},"excerpt":{"rendered":"<p>Si vous le d\u00e9sirez, vous pouvez devenir un membre de la C\u00c9J. Il suffit de remplir le formulaire en cliquant sur le lien suivant : https:\/\/forms.gle\/LK1fKwbP8bYjQAko9 Avantages d\u2019\u00eatre membre \u00catre membre de la Corporation d\u2019\u00c9ducation Jeunesse \u2013 C\u00c9J permet : 1. De participer concr\u00e8tement \u00e0 un travail d\u2019\u00e9ducation aupr\u00e8s des jeunes de 0 \u00e0 35 [&hellip;]<\/p>\n","protected":false},"author":1,"featured_media":0,"parent":0,"menu_order":0,"comment_status":"closed","ping_status":"closed","template":"","meta":{"footnotes":""},"class_list":["post-1914","page","type-page","status-publish","hentry"],"_links":{"self":[{"href":"https:\/\/corpoeducjeunesse.org\/index.php?rest_route=\/wp\/v2\/pages\/1914","targetHints":{"allow":["GET"]}}],"collection":[{"href":"https:\/\/corpoeducjeunesse.org\/index.php?rest_route=\/wp\/v2\/pages"}],"about":[{"href":"https:\/\/corpoeducjeunesse.org\/index.php?rest_route=\/wp\/v2\/types\/page"}],"author":[{"embeddable":true,"href":"https:\/\/corpoeducjeunesse.org\/index.php?rest_route=\/wp\/v2\/users\/1"}],"replies":[{"embeddable":true,"href":"https:\/\/corpoeducjeunesse.org\/index.php?rest_route=%2Fwp%2Fv2%2Fcomments&post=1914"}],"version-history":[{"count":1,"href":"https:\/\/corpoeducjeunesse.org\/index.php?rest_route=\/wp\/v2\/pages\/1914\/revisions"}],"predecessor-version":[{"id":1915,"href":"https:\/\/corpoeducjeunesse.org\/index.php?rest_route=\/wp\/v2\/pages\/1914\/revisions\/1915"}],"wp:attachment":[{"href":"https:\/\/corpoeducjeunesse.org\/index.php?rest_route=%2Fwp%2Fv2%2Fmedia&parent=1914"}],"curies":[{"name":"wp","href":"https:\/\/api.w.org\/{rel}","templated":true}]}}