{"id":1610,"date":"2018-10-08T00:47:45","date_gmt":"2018-10-08T04:47:45","guid":{"rendered":"https:\/\/corpoeducjeunesse.wordpress.com\/?page_id=3"},"modified":"2023-12-07T22:17:47","modified_gmt":"2023-12-07T22:17:47","slug":"contact","status":"publish","type":"page","link":"https:\/\/corpoeducjeunesse.org\/?page_id=1610","title":{"rendered":"Nous joindre"},"content":{"rendered":"<p><img loading=\"lazy\" decoding=\"async\" class=\"alignnone size-full wp-image-161\" src=\"https:\/\/corpoeducjeunesse.files.wordpress.com\/2018\/09\/bc3a9nc3a9voles-6.jpg\" alt=\"b\u00e9n\u00e9voles 6\" width=\"960\" height=\"720\" \/><\/p>\n<p style=\"text-align: left\"><strong>Corporation d\u2019\u00c9ducation Jeunesse<\/strong><\/p>\n<p style=\"text-align: left\">Directeur g\u00e9n\u00e9ral et personne ressource: <strong>Marc H\u00e9bert<\/strong><\/p>\n<p style=\"text-align: left\">6500 rue de Saint-Vallier, bureau 300<\/p>\n<p>Montr\u00e9al, QC\u00a0 H2S 2P7<\/p>\n<p style=\"text-align: left\">T\u00e9l\u00e9phone:\u00a0514-270-6079<\/p>\n<p>Courriel : direction@corpoeducjeunesse.org<\/p>\n<h2 style=\"text-align: left\"><strong>R\u00e9seaux sociaux<\/strong><\/h2>\n<p style=\"text-align: left\">\n\n\n<figure class=\"wp-block-image alignleft size-large is-resized\"><img loading=\"lazy\" decoding=\"async\" width=\"325\" height=\"325\" src=\"https:\/\/corpoeducjeunesse.files.wordpress.com\/2020\/10\/facebook.png?w=325\" alt=\"\" class=\"wp-image-1485\" style=\"width:68px;height:68px\" srcset=\"https:\/\/corpoeducjeunesse.org\/wp-content\/uploads\/2020\/10\/facebook.png 325w, https:\/\/corpoeducjeunesse.org\/wp-content\/uploads\/2020\/10\/facebook-300x300.png 300w, https:\/\/corpoeducjeunesse.org\/wp-content\/uploads\/2020\/10\/facebook-150x150.png 150w\" sizes=\"auto, (max-width: 325px) 100vw, 325px\" \/><\/figure>\n\n\n\n<p class=\"has-text-align-left\"><a rel=\"noreferrer noopener\" href=\"https:\/\/www.facebook.com\/corpoeducjeunesse\/?fb_dtsg_ag=Adz3si1VFCZURb6lxfag2ZU-tkhlO4rSc_mI-4Cw67TIgg%3AAdxGZ7emXyH0rDgAVJE1o-fV-mOMQ38pKkySMHLDGtjweg\" target=\"_blank\">Corporation d&rsquo;\u00c9ducation Jeunesse &#8211; C\u00c9J<\/a><\/p>\n\n\n\n<p><br><br><br><\/p>\n\n\n\n<figure class=\"wp-block-image alignleft size-large is-resized\"><img loading=\"lazy\" decoding=\"async\" width=\"220\" height=\"220\" src=\"https:\/\/corpoeducjeunesse.files.wordpress.com\/2020\/10\/instagram-1.png?w=220\" alt=\"\" class=\"wp-image-1489\" style=\"width:72px;height:72px\" srcset=\"https:\/\/corpoeducjeunesse.org\/wp-content\/uploads\/2020\/10\/instagram-1.png 220w, https:\/\/corpoeducjeunesse.org\/wp-content\/uploads\/2020\/10\/instagram-1-150x150.png 150w\" sizes=\"auto, (max-width: 220px) 100vw, 220px\" \/><\/figure>\n\n\n\n<p class=\"has-text-align-left\"><a href=\"https:\/\/www.instagram.com\/corpoeducjeunesse\/\">@corpoeducjeunesse<\/a><\/p>\n","protected":false},"excerpt":{"rendered":"<p>Corporation d\u2019\u00c9ducation Jeunesse Directeur g\u00e9n\u00e9ral et personne ressource: Marc H\u00e9bert 6500 rue de Saint-Vallier, bureau 300 Montr\u00e9al, QC\u00a0 H2S 2P7 T\u00e9l\u00e9phone:\u00a0514-270-6079 Courriel : direction@corpoeducjeunesse.org R\u00e9seaux sociaux Corporation d&rsquo;\u00c9ducation Jeunesse &#8211; C\u00c9J @corpoeducjeunesse<\/p>\n","protected":false},"author":2,"featured_media":0,"parent":0,"menu_order":2,"comment_status":"closed","ping_status":"closed","template":"","meta":{"footnotes":""},"class_list":["post-1610","page","type-page","status-publish","hentry"],"_links":{"self":[{"href":"https:\/\/corpoeducjeunesse.org\/index.php?rest_route=\/wp\/v2\/pages\/1610","targetHints":{"allow":["GET"]}}],"collection":[{"href":"https:\/\/corpoeducjeunesse.org\/index.php?rest_route=\/wp\/v2\/pages"}],"about":[{"href":"https:\/\/corpoeducjeunesse.org\/index.php?rest_route=\/wp\/v2\/types\/page"}],"author":[{"embeddable":true,"href":"https:\/\/corpoeducjeunesse.org\/index.php?rest_route=\/wp\/v2\/users\/2"}],"replies":[{"embeddable":true,"href":"https:\/\/corpoeducjeunesse.org\/index.php?rest_route=%2Fwp%2Fv2%2Fcomments&post=1610"}],"version-history":[{"count":1,"href":"https:\/\/corpoeducjeunesse.org\/index.php?rest_route=\/wp\/v2\/pages\/1610\/revisions"}],"predecessor-version":[{"id":1906,"href":"https:\/\/corpoeducjeunesse.org\/index.php?rest_route=\/wp\/v2\/pages\/1610\/revisions\/1906"}],"wp:attachment":[{"href":"https:\/\/corpoeducjeunesse.org\/index.php?rest_route=%2Fwp%2Fv2%2Fmedia&parent=1610"}],"curies":[{"name":"wp","href":"https:\/\/api.w.org\/{rel}","templated":true}]}}