{"id":1398,"date":"2020-10-14T12:20:57","date_gmt":"2020-10-14T16:20:57","guid":{"rendered":"http:\/\/corpoeducjeunesse.org\/?page_id=1398"},"modified":"2023-09-28T15:36:19","modified_gmt":"2023-09-28T15:36:19","slug":"activites-3","status":"publish","type":"page","link":"https:\/\/corpoeducjeunesse.org\/?page_id=1398","title":{"rendered":"Activit\u00e9s"},"content":{"rendered":"\n<p>La C\u00c9J offre plusieurs activit\u00e9s, projets, sessions de formation et s\u00e9jours aux familles ainsi qu&rsquo;aux jeunes. Cliquez sur nos diff\u00e9rents onglets pour en savoir plus ! <\/p>\n\n\n\n<figure class=\"wp-block-image size-large\"><img loading=\"lazy\" decoding=\"async\" width=\"1024\" height=\"576\" src=\"https:\/\/corpoeducjeunesse.org\/wp-content\/uploads\/2020\/09\/groupe-1024x576.jpg\" alt=\"\" class=\"wp-image-1285\" srcset=\"https:\/\/corpoeducjeunesse.org\/wp-content\/uploads\/2020\/09\/groupe-1024x576.jpg 1024w, https:\/\/corpoeducjeunesse.org\/wp-content\/uploads\/2020\/09\/groupe-300x169.jpg 300w, https:\/\/corpoeducjeunesse.org\/wp-content\/uploads\/2020\/09\/groupe-768x432.jpg 768w, https:\/\/corpoeducjeunesse.org\/wp-content\/uploads\/2020\/09\/groupe-1536x864.jpg 1536w, https:\/\/corpoeducjeunesse.org\/wp-content\/uploads\/2020\/09\/groupe-2048x1152.jpg 2048w\" sizes=\"auto, (max-width: 1024px) 100vw, 1024px\" \/><\/figure>\n\n\n\n<figure class=\"wp-block-image size-large\"><img loading=\"lazy\" decoding=\"async\" width=\"1024\" height=\"576\" src=\"https:\/\/corpoeducjeunesse.org\/wp-content\/uploads\/2020\/09\/img_20190713_152038648-2-1024x576.jpg\" alt=\"\" class=\"wp-image-1308\" srcset=\"https:\/\/corpoeducjeunesse.org\/wp-content\/uploads\/2020\/09\/img_20190713_152038648-2-1024x576.jpg 1024w, https:\/\/corpoeducjeunesse.org\/wp-content\/uploads\/2020\/09\/img_20190713_152038648-2-300x169.jpg 300w, https:\/\/corpoeducjeunesse.org\/wp-content\/uploads\/2020\/09\/img_20190713_152038648-2-768x432.jpg 768w, https:\/\/corpoeducjeunesse.org\/wp-content\/uploads\/2020\/09\/img_20190713_152038648-2-1536x864.jpg 1536w, https:\/\/corpoeducjeunesse.org\/wp-content\/uploads\/2020\/09\/img_20190713_152038648-2-2048x1152.jpg 2048w\" sizes=\"auto, (max-width: 1024px) 100vw, 1024px\" \/><\/figure>\n\n\n\n<figure class=\"wp-block-image size-large\"><img loading=\"lazy\" decoding=\"async\" width=\"1024\" height=\"576\" src=\"https:\/\/corpoeducjeunesse.org\/wp-content\/uploads\/2020\/05\/20191019_133238-1024x576.jpg\" alt=\"\" class=\"wp-image-770\" srcset=\"https:\/\/corpoeducjeunesse.org\/wp-content\/uploads\/2020\/05\/20191019_133238-1024x576.jpg 1024w, https:\/\/corpoeducjeunesse.org\/wp-content\/uploads\/2020\/05\/20191019_133238-300x169.jpg 300w, https:\/\/corpoeducjeunesse.org\/wp-content\/uploads\/2020\/05\/20191019_133238-768x432.jpg 768w, https:\/\/corpoeducjeunesse.org\/wp-content\/uploads\/2020\/05\/20191019_133238-1536x864.jpg 1536w, https:\/\/corpoeducjeunesse.org\/wp-content\/uploads\/2020\/05\/20191019_133238-2048x1152.jpg 2048w\" sizes=\"auto, (max-width: 1024px) 100vw, 1024px\" \/><\/figure>\n\n\n\n<figure class=\"wp-block-image size-large\"><img loading=\"lazy\" decoding=\"async\" width=\"1024\" height=\"768\" src=\"https:\/\/corpoeducjeunesse.org\/wp-content\/uploads\/2023\/09\/rousselot-3-1024x768.jpeg\" alt=\"\" class=\"wp-image-1866\" srcset=\"https:\/\/corpoeducjeunesse.org\/wp-content\/uploads\/2023\/09\/rousselot-3-1024x768.jpeg 1024w, https:\/\/corpoeducjeunesse.org\/wp-content\/uploads\/2023\/09\/rousselot-3-300x225.jpeg 300w, https:\/\/corpoeducjeunesse.org\/wp-content\/uploads\/2023\/09\/rousselot-3-768x576.jpeg 768w, https:\/\/corpoeducjeunesse.org\/wp-content\/uploads\/2023\/09\/rousselot-3.jpeg 1080w\" sizes=\"auto, (max-width: 1024px) 100vw, 1024px\" \/><\/figure>\n\n\n\n<figure class=\"wp-block-image size-large\"><img loading=\"lazy\" decoding=\"async\" width=\"1024\" height=\"481\" src=\"https:\/\/corpoeducjeunesse.org\/wp-content\/uploads\/2018\/10\/parents-e1540351289855-1024x481.jpg\" alt=\"\" class=\"wp-image-265\" srcset=\"https:\/\/corpoeducjeunesse.org\/wp-content\/uploads\/2018\/10\/parents-e1540351289855-1024x481.jpg 1024w, https:\/\/corpoeducjeunesse.org\/wp-content\/uploads\/2018\/10\/parents-e1540351289855-300x141.jpg 300w, https:\/\/corpoeducjeunesse.org\/wp-content\/uploads\/2018\/10\/parents-e1540351289855-768x360.jpg 768w, https:\/\/corpoeducjeunesse.org\/wp-content\/uploads\/2018\/10\/parents-e1540351289855-1536x721.jpg 1536w, https:\/\/corpoeducjeunesse.org\/wp-content\/uploads\/2018\/10\/parents-e1540351289855-2048x961.jpg 2048w\" sizes=\"auto, (max-width: 1024px) 100vw, 1024px\" \/><\/figure>\n","protected":false},"excerpt":{"rendered":"<p>La C\u00c9J offre plusieurs activit\u00e9s, projets, sessions de formation et s\u00e9jours aux familles ainsi qu&rsquo;aux jeunes. Cliquez sur nos diff\u00e9rents onglets pour en savoir plus !<\/p>\n","protected":false},"author":2,"featured_media":0,"parent":0,"menu_order":0,"comment_status":"closed","ping_status":"closed","template":"","meta":{"footnotes":""},"class_list":["post-1398","page","type-page","status-publish","hentry"],"_links":{"self":[{"href":"https:\/\/corpoeducjeunesse.org\/index.php?rest_route=\/wp\/v2\/pages\/1398","targetHints":{"allow":["GET"]}}],"collection":[{"href":"https:\/\/corpoeducjeunesse.org\/index.php?rest_route=\/wp\/v2\/pages"}],"about":[{"href":"https:\/\/corpoeducjeunesse.org\/index.php?rest_route=\/wp\/v2\/types\/page"}],"author":[{"embeddable":true,"href":"https:\/\/corpoeducjeunesse.org\/index.php?rest_route=\/wp\/v2\/users\/2"}],"replies":[{"embeddable":true,"href":"https:\/\/corpoeducjeunesse.org\/index.php?rest_route=%2Fwp%2Fv2%2Fcomments&post=1398"}],"version-history":[{"count":3,"href":"https:\/\/corpoeducjeunesse.org\/index.php?rest_route=\/wp\/v2\/pages\/1398\/revisions"}],"predecessor-version":[{"id":1873,"href":"https:\/\/corpoeducjeunesse.org\/index.php?rest_route=\/wp\/v2\/pages\/1398\/revisions\/1873"}],"wp:attachment":[{"href":"https:\/\/corpoeducjeunesse.org\/index.php?rest_route=%2Fwp%2Fv2%2Fmedia&parent=1398"}],"curies":[{"name":"wp","href":"https:\/\/api.w.org\/{rel}","templated":true}]}}