{"id":1392,"date":"2020-10-14T12:17:47","date_gmt":"2020-10-14T16:17:47","guid":{"rendered":"http:\/\/corpoeducjeunesse.org\/?page_id=1392"},"modified":"2024-02-29T16:22:20","modified_gmt":"2024-02-29T16:22:20","slug":"projet-rousselot-2","status":"publish","type":"page","link":"https:\/\/corpoeducjeunesse.org\/?page_id=1392","title":{"rendered":"Projet Rousselot"},"content":{"rendered":"\n<figure class=\"wp-block-image size-large\"><img loading=\"lazy\" decoding=\"async\" width=\"1024\" height=\"576\" src=\"https:\/\/corpoeducjeunesse.org\/wp-content\/uploads\/2024\/02\/Prog.Rousselot.Hiver_.24-1024x576.jpg\" alt=\"\" class=\"wp-image-1943\" srcset=\"https:\/\/corpoeducjeunesse.org\/wp-content\/uploads\/2024\/02\/Prog.Rousselot.Hiver_.24-1024x576.jpg 1024w, https:\/\/corpoeducjeunesse.org\/wp-content\/uploads\/2024\/02\/Prog.Rousselot.Hiver_.24-300x169.jpg 300w, https:\/\/corpoeducjeunesse.org\/wp-content\/uploads\/2024\/02\/Prog.Rousselot.Hiver_.24-768x432.jpg 768w, https:\/\/corpoeducjeunesse.org\/wp-content\/uploads\/2024\/02\/Prog.Rousselot.Hiver_.24-1536x864.jpg 1536w, https:\/\/corpoeducjeunesse.org\/wp-content\/uploads\/2024\/02\/Prog.Rousselot.Hiver_.24.jpg 1920w\" sizes=\"auto, (max-width: 1024px) 100vw, 1024px\" \/><\/figure>\n\n\n\n<p>Situ\u00e9 dans l\u2019est du quartier Villeray, \u00e0 Montr\u00e9al, le Projet Rousselot est un projet dont le mandat principal consiste \u00e0 travailler aupr\u00e8s des jeunes du secteur de l\u2019est de Villeray, incluant le Complexe d\u2019habitation Rousselot, afin de pr\u00e9venir l\u2019isolement social, le d\u00e9crochage scolaire, la d\u00e9linquance et les actes d\u2019incivilit\u00e9 ainsi que de r\u00e9duire les tensions dans le secteur. L\u2019approche privil\u00e9gi\u00e9e est d\u2019offrir aux jeunes un accompagnement et une programmation d\u2019activit\u00e9s vari\u00e9es qui favorisent une meilleure estime de soi et une meilleure r\u00e9ussite scolaire.<\/p>\n\n\n\n<p>Le Projet Rousselot est en activit\u00e9 depuis 1995, d\u2019abord au sein de l\u2019organisme Cr\u00e9ations Etc\u2026. Depuis mars 2020, le Projet entreprend une transition vers l\u2019organisme La Corporation d\u2019\u00c9ducation Jeunesse, qui intervient aussi aupr\u00e8s des jeunes du secteur de l\u2019est de Villeray. Depuis ses d\u00e9buts, le projet compte parmi ses collaborateurs le CLSC Villeray, la Ville de Montr\u00e9al et l\u2019Office municipal d\u2019habitation de Montr\u00e9al pour r\u00e9aliser sa mission. Le Projet offre aux jeunes \u00e2g\u00e9s de 5 \u00e0 17 ans du Complexe d\u2019habitation Rousselot et de la communaut\u00e9 environnante, des programmations d\u2019activit\u00e9s \u00e9ducatives, culturelles, sportives, communautaires stimulantes et enrichissantes favorisant le d\u00e9veloppement int\u00e9gral des jeunes. Des p\u00e9riodes d\u2019aide aux devoirs et de mentorat sont aussi offertes afin de participer \u00e0 la r\u00e9ussite scolaire des jeunes et d\u2019\u00e9veiller le go\u00fbt pour les \u00e9tudes. Le Projet Rousselot tient \u00e9galement un camp de jour estival et \u00e0 la semaine de rel\u00e2che. <\/p>\n\n\n\n<figure class=\"wp-block-image size-large\"><img loading=\"lazy\" decoding=\"async\" width=\"819\" height=\"1024\" src=\"https:\/\/corpoeducjeunesse.org\/wp-content\/uploads\/2023\/09\/rousselot-1-819x1024.jpeg\" alt=\"\" class=\"wp-image-1864\" srcset=\"https:\/\/corpoeducjeunesse.org\/wp-content\/uploads\/2023\/09\/rousselot-1-819x1024.jpeg 819w, https:\/\/corpoeducjeunesse.org\/wp-content\/uploads\/2023\/09\/rousselot-1-240x300.jpeg 240w, https:\/\/corpoeducjeunesse.org\/wp-content\/uploads\/2023\/09\/rousselot-1-768x960.jpeg 768w, https:\/\/corpoeducjeunesse.org\/wp-content\/uploads\/2023\/09\/rousselot-1-1229x1536.jpeg 1229w, https:\/\/corpoeducjeunesse.org\/wp-content\/uploads\/2023\/09\/rousselot-1.jpeg 1440w\" sizes=\"auto, (max-width: 819px) 100vw, 819px\" \/><\/figure>\n\n\n\n<figure class=\"wp-block-image size-large\"><img loading=\"lazy\" decoding=\"async\" width=\"1024\" height=\"768\" src=\"https:\/\/corpoeducjeunesse.org\/wp-content\/uploads\/2023\/09\/rousselot-2-1024x768.jpeg\" alt=\"\" class=\"wp-image-1865\" srcset=\"https:\/\/corpoeducjeunesse.org\/wp-content\/uploads\/2023\/09\/rousselot-2-1024x768.jpeg 1024w, https:\/\/corpoeducjeunesse.org\/wp-content\/uploads\/2023\/09\/rousselot-2-300x225.jpeg 300w, https:\/\/corpoeducjeunesse.org\/wp-content\/uploads\/2023\/09\/rousselot-2-768x576.jpeg 768w, https:\/\/corpoeducjeunesse.org\/wp-content\/uploads\/2023\/09\/rousselot-2.jpeg 1440w\" sizes=\"auto, (max-width: 1024px) 100vw, 1024px\" \/><\/figure>\n\n\n\n<figure class=\"wp-block-image size-large\"><img loading=\"lazy\" decoding=\"async\" width=\"1024\" height=\"768\" src=\"https:\/\/corpoeducjeunesse.org\/wp-content\/uploads\/2023\/09\/rousselot-3-1024x768.jpeg\" alt=\"\" class=\"wp-image-1866\" srcset=\"https:\/\/corpoeducjeunesse.org\/wp-content\/uploads\/2023\/09\/rousselot-3-1024x768.jpeg 1024w, https:\/\/corpoeducjeunesse.org\/wp-content\/uploads\/2023\/09\/rousselot-3-300x225.jpeg 300w, https:\/\/corpoeducjeunesse.org\/wp-content\/uploads\/2023\/09\/rousselot-3-768x576.jpeg 768w, https:\/\/corpoeducjeunesse.org\/wp-content\/uploads\/2023\/09\/rousselot-3.jpeg 1080w\" sizes=\"auto, (max-width: 1024px) 100vw, 1024px\" \/><\/figure>\n\n\n\n<h3 class=\"wp-block-heading\" id=\"l-approche-privilegiee\">L\u2019APPROCHE PRIVIL\u00c9GI\u00c9E<\/h3>\n\n\n\n<p>Le PAR et POUR les jeunes, notamment par les arts, la culture et le loisir pour favoriser leur int\u00e9gration dans leur milieu de vie est au c\u0153ur de l\u2019intervention privil\u00e9gi\u00e9e au Projet Rousselot.<\/p>\n\n\n\n<p>Notre soci\u00e9t\u00e9 reconna\u00eet de plus en plus que le loisir, les sports, les arts et la culture jouent un r\u00f4le essentiel sur le plan individuel et collectif. Il y a un consensus \u00e0 l\u2019effet que la pratique et la fr\u00e9quentation de ces activit\u00e9s par les jeunes ont un impact important, voire m\u00eame d\u00e9terminant, sur leur d\u00e9veloppement et sur leur capacit\u00e9 de voir le monde de fa\u00e7on ouverte, positive, cr\u00e9ative et inclusive. Par exemple, les arts et la culture sont un puissant vecteur de coh\u00e9sion sociale et de construction de la citoyennet\u00e9.<\/p>\n\n\n\n<p>La convention des droits de l\u2019enfant de l\u2019UNESCO le mentionne bien \u00ab Les \u00c9tats respectent et favorisent le droit de l\u2019enfant de participer pleinement \u00e0 la vie culturelle et artistique et encouragent l\u2019organisation \u00e0 son intention de moyens appropri\u00e9s de loisirs et d\u2019activit\u00e9s r\u00e9cr\u00e9atives, artistiques et culturelles, dans des conditions d\u2019\u00e9galit\u00e9 \u00bb<\/p>\n\n\n\n<h3 class=\"wp-block-heading\" id=\"notre-approche-vous-interesse-et-vous-desirez-vous-impliquer\">NOTRE APPROCHE VOUS INT\u00c9RESSE ET VOUS D\u00c9SIREZ VOUS IMPLIQUER?<\/h3>\n\n\n\n<p>\u00c9crivez-nous: coordination@corpoeducjeunesse.org<\/p>\n","protected":false},"excerpt":{"rendered":"<p>Situ\u00e9 dans l\u2019est du quartier Villeray, \u00e0 Montr\u00e9al, le Projet Rousselot est un projet dont le mandat principal consiste \u00e0 travailler aupr\u00e8s des jeunes du secteur de l\u2019est de Villeray, incluant le Complexe d\u2019habitation Rousselot, afin de pr\u00e9venir l\u2019isolement social, le d\u00e9crochage scolaire, la d\u00e9linquance et les actes d\u2019incivilit\u00e9 ainsi que de r\u00e9duire les tensions [&hellip;]<\/p>\n","protected":false},"author":2,"featured_media":0,"parent":0,"menu_order":0,"comment_status":"closed","ping_status":"closed","template":"","meta":{"footnotes":""},"class_list":["post-1392","page","type-page","status-publish","hentry"],"_links":{"self":[{"href":"https:\/\/corpoeducjeunesse.org\/index.php?rest_route=\/wp\/v2\/pages\/1392","targetHints":{"allow":["GET"]}}],"collection":[{"href":"https:\/\/corpoeducjeunesse.org\/index.php?rest_route=\/wp\/v2\/pages"}],"about":[{"href":"https:\/\/corpoeducjeunesse.org\/index.php?rest_route=\/wp\/v2\/types\/page"}],"author":[{"embeddable":true,"href":"https:\/\/corpoeducjeunesse.org\/index.php?rest_route=\/wp\/v2\/users\/2"}],"replies":[{"embeddable":true,"href":"https:\/\/corpoeducjeunesse.org\/index.php?rest_route=%2Fwp%2Fv2%2Fcomments&post=1392"}],"version-history":[{"count":3,"href":"https:\/\/corpoeducjeunesse.org\/index.php?rest_route=\/wp\/v2\/pages\/1392\/revisions"}],"predecessor-version":[{"id":1944,"href":"https:\/\/corpoeducjeunesse.org\/index.php?rest_route=\/wp\/v2\/pages\/1392\/revisions\/1944"}],"wp:attachment":[{"href":"https:\/\/corpoeducjeunesse.org\/index.php?rest_route=%2Fwp%2Fv2%2Fmedia&parent=1392"}],"curies":[{"name":"wp","href":"https:\/\/api.w.org\/{rel}","templated":true}]}}